{"id":358,"date":"2022-11-06T16:04:24","date_gmt":"2022-11-06T14:04:24","guid":{"rendered":"https:\/\/www.linnasto.fi\/kustannuslinna\/?post_type=product&#038;p=358"},"modified":"2022-11-27T19:24:03","modified_gmt":"2022-11-27T17:24:03","slug":"pasi-linna-sanavarasto","status":"publish","type":"product","link":"https:\/\/www.linnasto.fi\/kustannuslinna\/tuote\/pasi-linna-sanavarasto\/","title":{"rendered":"Pasi Linna: Sanavarasto"},"content":{"rendered":"<p><i>Sanavarasto<\/i> on Pasi Linnan toinen runoteos, jonka on taittanut, suunnitellut ja neulanreik\u00e4kamerakuvin kuvittanut Kalle Aarikka.<\/p>\n<p><i>Sanavarasto<\/i> pureutuu sanaan sin\u00e4ns\u00e4, sen muunnelmiin. L\u00e4hdekirjallisuutena on k\u00e4ytetty mm. Suomen kielen sanakirjaa, Nykysuomen etymologista sanakirjaa, Veijo Meren teosta <i>Sanojen<\/i> <i>synty<\/i> sek\u00e4 Semiotiikan oppikirjaa.<\/p>\n<p>Vaikka juuri sanat tulevatkin pohdinnan kohteiksi, sanojen varasto ei ole varsinainen osa teksti\u00e4. Enemm\u00e4nkin se on <i>varanto<\/i> tekstin takana, sen toisella puolella. Teoksessa sanan m\u00e4\u00e4ritelm\u00e4 kasvaa merkitt\u00e4v\u00e4mm\u00e4ksi kuin m\u00e4\u00e4ritelt\u00e4v\u00e4 sana, jota ei v\u00e4ltt\u00e4m\u00e4tt\u00e4 edes mainita.<\/p>\n<p><i>Sanavarasto<\/i>ssa on rytmi\u00e4 ja musikaalisuutta; runot ja mietelm\u00e4t alkavat paikoin soida, ik\u00e4\u00e4nkuin varaston sanat muuttuisivat nuoteiksi. Ja t\u00e4t\u00e4 kaikkea orkestroi Kalle Aarikan n\u00e4kemyksellinen taitto ja neulanreik\u00e4kamerakuvat!<\/p>\n<p>Toimitus postitse tai nouto Latvatie 11, Jyv\u00e4skyl\u00e4.<\/p>\n","protected":false},"excerpt":{"rendered":"<p><i>Sanavarasto<\/i> on Pasi Linnan toinen runoteos, jonka on taittanut, suunnitellut ja neulanreik\u00e4kamerakuvin kuvittanut Kalle Aarikka.<\/p>\n<p>Kovakantinen.<\/p>\n","protected":false},"featured_media":359,"template":"","meta":{"neve_meta_sidebar":"","neve_meta_container":"","neve_meta_enable_content_width":"off","neve_meta_content_width":70,"neve_meta_title_alignment":"","neve_meta_author_avatar":"","neve_post_elements_order":"","neve_meta_disable_header":"","neve_meta_disable_footer":"","neve_meta_disable_title":""},"product_brand":[],"product_cat":[17],"product_tag":[27,44,19,29,24,42,23,40,41,43],"class_list":{"0":"post-358","1":"product","2":"type-product","3":"status-publish","4":"has-post-thumbnail","6":"product_cat-kirjat","7":"product_tag-kirja","8":"product_tag-kirjallisuus","9":"product_tag-kirjat","10":"product_tag-kovakantinen","11":"product_tag-lahja","12":"product_tag-neulanreikakamera","13":"product_tag-runot","14":"product_tag-sana","15":"product_tag-sanat","16":"product_tag-valokuva","17":"product_shipping_class-paketti","19":"first","20":"instock","21":"taxable","22":"shipping-taxable","23":"purchasable","24":"product-type-simple"},"yoast_head":"<!-- This site is optimized with the Yoast SEO plugin v27.4 - https:\/\/yoast.com\/product\/yoast-seo-wordpress\/ -->\n<title>Pasi Linna: Sanavarasto - Kustannus Linna<\/title>\n<meta name=\"description\" content=\"Sanavarasto on Pasi Linnan toinen runoteos, jonka on taittanut, suunnitellut ja neulanreik\u00e4kamerakuvin kuvittanut Kalle Aarikka.\" \/>\n<meta name=\"robots\" content=\"index, follow, max-snippet:-1, max-image-preview:large, max-video-preview:-1\" \/>\n<link rel=\"canonical\" href=\"https:\/\/www.linnasto.fi\/kustannuslinna\/tuote\/pasi-linna-sanavarasto\/\" \/>\n<meta property=\"og:locale\" content=\"fi_FI\" \/>\n<meta property=\"og:type\" content=\"article\" \/>\n<meta property=\"og:title\" content=\"Pasi Linna: Sanavarasto - Kustannus Linna\" \/>\n<meta property=\"og:description\" content=\"Sanavarasto on Pasi Linnan toinen runoteos, jonka on taittanut, suunnitellut ja neulanreik\u00e4kamerakuvin kuvittanut Kalle Aarikka.\" \/>\n<meta property=\"og:url\" content=\"https:\/\/www.linnasto.fi\/kustannuslinna\/tuote\/pasi-linna-sanavarasto\/\" \/>\n<meta property=\"og:site_name\" content=\"Kustannus Linna\" \/>\n<meta property=\"article:modified_time\" content=\"2022-11-27T17:24:03+00:00\" \/>\n<meta property=\"og:image\" content=\"https:\/\/www.linnasto.fi\/kustannuslinna\/wp-content\/uploads\/sites\/3\/2022\/11\/sanavarasto_74.jpg\" \/>\n\t<meta property=\"og:image:width\" content=\"829\" \/>\n\t<meta property=\"og:image:height\" content=\"1300\" \/>\n\t<meta property=\"og:image:type\" content=\"image\/jpeg\" \/>\n<meta name=\"twitter:card\" content=\"summary_large_image\" \/>\n<meta name=\"twitter:label1\" content=\"Arvioitu lukuaika\" \/>\n\t<meta name=\"twitter:data1\" content=\"1 minuutti\" \/>\n<script type=\"application\/ld+json\" class=\"yoast-schema-graph\">{\"@context\":\"https:\\\/\\\/schema.org\",\"@graph\":[{\"@type\":\"WebPage\",\"@id\":\"https:\\\/\\\/www.linnasto.fi\\\/kustannuslinna\\\/tuote\\\/pasi-linna-sanavarasto\\\/\",\"url\":\"https:\\\/\\\/www.linnasto.fi\\\/kustannuslinna\\\/tuote\\\/pasi-linna-sanavarasto\\\/\",\"name\":\"Pasi Linna: Sanavarasto - Kustannus Linna\",\"isPartOf\":{\"@id\":\"https:\\\/\\\/www.linnasto.fi\\\/kustannuslinna\\\/#website\"},\"primaryImageOfPage\":{\"@id\":\"https:\\\/\\\/www.linnasto.fi\\\/kustannuslinna\\\/tuote\\\/pasi-linna-sanavarasto\\\/#primaryimage\"},\"image\":{\"@id\":\"https:\\\/\\\/www.linnasto.fi\\\/kustannuslinna\\\/tuote\\\/pasi-linna-sanavarasto\\\/#primaryimage\"},\"thumbnailUrl\":\"https:\\\/\\\/www.linnasto.fi\\\/kustannuslinna\\\/wp-content\\\/uploads\\\/sites\\\/3\\\/2022\\\/11\\\/sanavarasto_74.jpg\",\"datePublished\":\"2022-11-06T14:04:24+00:00\",\"dateModified\":\"2022-11-27T17:24:03+00:00\",\"description\":\"Sanavarasto on Pasi Linnan toinen runoteos, jonka on taittanut, suunnitellut ja neulanreik\u00e4kamerakuvin kuvittanut Kalle Aarikka.\",\"breadcrumb\":{\"@id\":\"https:\\\/\\\/www.linnasto.fi\\\/kustannuslinna\\\/tuote\\\/pasi-linna-sanavarasto\\\/#breadcrumb\"},\"inLanguage\":\"fi\",\"potentialAction\":[{\"@type\":\"ReadAction\",\"target\":[\"https:\\\/\\\/www.linnasto.fi\\\/kustannuslinna\\\/tuote\\\/pasi-linna-sanavarasto\\\/\"]}]},{\"@type\":\"ImageObject\",\"inLanguage\":\"fi\",\"@id\":\"https:\\\/\\\/www.linnasto.fi\\\/kustannuslinna\\\/tuote\\\/pasi-linna-sanavarasto\\\/#primaryimage\",\"url\":\"https:\\\/\\\/www.linnasto.fi\\\/kustannuslinna\\\/wp-content\\\/uploads\\\/sites\\\/3\\\/2022\\\/11\\\/sanavarasto_74.jpg\",\"contentUrl\":\"https:\\\/\\\/www.linnasto.fi\\\/kustannuslinna\\\/wp-content\\\/uploads\\\/sites\\\/3\\\/2022\\\/11\\\/sanavarasto_74.jpg\",\"width\":829,\"height\":1300,\"caption\":\"Sanavarasto\"},{\"@type\":\"BreadcrumbList\",\"@id\":\"https:\\\/\\\/www.linnasto.fi\\\/kustannuslinna\\\/tuote\\\/pasi-linna-sanavarasto\\\/#breadcrumb\",\"itemListElement\":[{\"@type\":\"ListItem\",\"position\":1,\"name\":\"Etusivu\",\"item\":\"https:\\\/\\\/www.linnasto.fi\\\/kustannuslinna\\\/\"},{\"@type\":\"ListItem\",\"position\":2,\"name\":\"Kirjat\",\"item\":\"https:\\\/\\\/www.linnasto.fi\\\/kustannuslinna\\\/kauppa\\\/\"},{\"@type\":\"ListItem\",\"position\":3,\"name\":\"Pasi Linna: Sanavarasto\"}]},{\"@type\":\"WebSite\",\"@id\":\"https:\\\/\\\/www.linnasto.fi\\\/kustannuslinna\\\/#website\",\"url\":\"https:\\\/\\\/www.linnasto.fi\\\/kustannuslinna\\\/\",\"name\":\"Kustannus Linna\",\"description\":\"Pienkustantamo Jyv\u00e4skyl\u00e4ss\u00e4\",\"publisher\":{\"@id\":\"https:\\\/\\\/www.linnasto.fi\\\/kustannuslinna\\\/#organization\"},\"potentialAction\":[{\"@type\":\"SearchAction\",\"target\":{\"@type\":\"EntryPoint\",\"urlTemplate\":\"https:\\\/\\\/www.linnasto.fi\\\/kustannuslinna\\\/?s={search_term_string}\"},\"query-input\":{\"@type\":\"PropertyValueSpecification\",\"valueRequired\":true,\"valueName\":\"search_term_string\"}}],\"inLanguage\":\"fi\"},{\"@type\":\"Organization\",\"@id\":\"https:\\\/\\\/www.linnasto.fi\\\/kustannuslinna\\\/#organization\",\"name\":\"Kustannus Linna\",\"url\":\"https:\\\/\\\/www.linnasto.fi\\\/kustannuslinna\\\/\",\"logo\":{\"@type\":\"ImageObject\",\"inLanguage\":\"fi\",\"@id\":\"https:\\\/\\\/www.linnasto.fi\\\/kustannuslinna\\\/#\\\/schema\\\/logo\\\/image\\\/\",\"url\":\"https:\\\/\\\/www.linnasto.fi\\\/kustannuslinna\\\/wp-content\\\/uploads\\\/sites\\\/3\\\/2020\\\/10\\\/kustannuslogo.png\",\"contentUrl\":\"https:\\\/\\\/www.linnasto.fi\\\/kustannuslinna\\\/wp-content\\\/uploads\\\/sites\\\/3\\\/2020\\\/10\\\/kustannuslogo.png\",\"width\":559,\"height\":397,\"caption\":\"Kustannus Linna\"},\"image\":{\"@id\":\"https:\\\/\\\/www.linnasto.fi\\\/kustannuslinna\\\/#\\\/schema\\\/logo\\\/image\\\/\"}}]}<\/script>\n<!-- \/ Yoast SEO plugin. -->","yoast_head_json":{"title":"Pasi Linna: Sanavarasto - Kustannus Linna","description":"Sanavarasto on Pasi Linnan toinen runoteos, jonka on taittanut, suunnitellut ja neulanreik\u00e4kamerakuvin kuvittanut Kalle Aarikka.","robots":{"index":"index","follow":"follow","max-snippet":"max-snippet:-1","max-image-preview":"max-image-preview:large","max-video-preview":"max-video-preview:-1"},"canonical":"https:\/\/www.linnasto.fi\/kustannuslinna\/tuote\/pasi-linna-sanavarasto\/","og_locale":"fi_FI","og_type":"article","og_title":"Pasi Linna: Sanavarasto - Kustannus Linna","og_description":"Sanavarasto on Pasi Linnan toinen runoteos, jonka on taittanut, suunnitellut ja neulanreik\u00e4kamerakuvin kuvittanut Kalle Aarikka.","og_url":"https:\/\/www.linnasto.fi\/kustannuslinna\/tuote\/pasi-linna-sanavarasto\/","og_site_name":"Kustannus Linna","article_modified_time":"2022-11-27T17:24:03+00:00","og_image":[{"width":829,"height":1300,"url":"https:\/\/www.linnasto.fi\/kustannuslinna\/wp-content\/uploads\/sites\/3\/2022\/11\/sanavarasto_74.jpg","type":"image\/jpeg"}],"twitter_card":"summary_large_image","twitter_misc":{"Arvioitu lukuaika":"1 minuutti"},"schema":{"@context":"https:\/\/schema.org","@graph":[{"@type":"WebPage","@id":"https:\/\/www.linnasto.fi\/kustannuslinna\/tuote\/pasi-linna-sanavarasto\/","url":"https:\/\/www.linnasto.fi\/kustannuslinna\/tuote\/pasi-linna-sanavarasto\/","name":"Pasi Linna: Sanavarasto - Kustannus Linna","isPartOf":{"@id":"https:\/\/www.linnasto.fi\/kustannuslinna\/#website"},"primaryImageOfPage":{"@id":"https:\/\/www.linnasto.fi\/kustannuslinna\/tuote\/pasi-linna-sanavarasto\/#primaryimage"},"image":{"@id":"https:\/\/www.linnasto.fi\/kustannuslinna\/tuote\/pasi-linna-sanavarasto\/#primaryimage"},"thumbnailUrl":"https:\/\/www.linnasto.fi\/kustannuslinna\/wp-content\/uploads\/sites\/3\/2022\/11\/sanavarasto_74.jpg","datePublished":"2022-11-06T14:04:24+00:00","dateModified":"2022-11-27T17:24:03+00:00","description":"Sanavarasto on Pasi Linnan toinen runoteos, jonka on taittanut, suunnitellut ja neulanreik\u00e4kamerakuvin kuvittanut Kalle Aarikka.","breadcrumb":{"@id":"https:\/\/www.linnasto.fi\/kustannuslinna\/tuote\/pasi-linna-sanavarasto\/#breadcrumb"},"inLanguage":"fi","potentialAction":[{"@type":"ReadAction","target":["https:\/\/www.linnasto.fi\/kustannuslinna\/tuote\/pasi-linna-sanavarasto\/"]}]},{"@type":"ImageObject","inLanguage":"fi","@id":"https:\/\/www.linnasto.fi\/kustannuslinna\/tuote\/pasi-linna-sanavarasto\/#primaryimage","url":"https:\/\/www.linnasto.fi\/kustannuslinna\/wp-content\/uploads\/sites\/3\/2022\/11\/sanavarasto_74.jpg","contentUrl":"https:\/\/www.linnasto.fi\/kustannuslinna\/wp-content\/uploads\/sites\/3\/2022\/11\/sanavarasto_74.jpg","width":829,"height":1300,"caption":"Sanavarasto"},{"@type":"BreadcrumbList","@id":"https:\/\/www.linnasto.fi\/kustannuslinna\/tuote\/pasi-linna-sanavarasto\/#breadcrumb","itemListElement":[{"@type":"ListItem","position":1,"name":"Etusivu","item":"https:\/\/www.linnasto.fi\/kustannuslinna\/"},{"@type":"ListItem","position":2,"name":"Kirjat","item":"https:\/\/www.linnasto.fi\/kustannuslinna\/kauppa\/"},{"@type":"ListItem","position":3,"name":"Pasi Linna: Sanavarasto"}]},{"@type":"WebSite","@id":"https:\/\/www.linnasto.fi\/kustannuslinna\/#website","url":"https:\/\/www.linnasto.fi\/kustannuslinna\/","name":"Kustannus Linna","description":"Pienkustantamo Jyv\u00e4skyl\u00e4ss\u00e4","publisher":{"@id":"https:\/\/www.linnasto.fi\/kustannuslinna\/#organization"},"potentialAction":[{"@type":"SearchAction","target":{"@type":"EntryPoint","urlTemplate":"https:\/\/www.linnasto.fi\/kustannuslinna\/?s={search_term_string}"},"query-input":{"@type":"PropertyValueSpecification","valueRequired":true,"valueName":"search_term_string"}}],"inLanguage":"fi"},{"@type":"Organization","@id":"https:\/\/www.linnasto.fi\/kustannuslinna\/#organization","name":"Kustannus Linna","url":"https:\/\/www.linnasto.fi\/kustannuslinna\/","logo":{"@type":"ImageObject","inLanguage":"fi","@id":"https:\/\/www.linnasto.fi\/kustannuslinna\/#\/schema\/logo\/image\/","url":"https:\/\/www.linnasto.fi\/kustannuslinna\/wp-content\/uploads\/sites\/3\/2020\/10\/kustannuslogo.png","contentUrl":"https:\/\/www.linnasto.fi\/kustannuslinna\/wp-content\/uploads\/sites\/3\/2020\/10\/kustannuslogo.png","width":559,"height":397,"caption":"Kustannus Linna"},"image":{"@id":"https:\/\/www.linnasto.fi\/kustannuslinna\/#\/schema\/logo\/image\/"}}]}},"_links":{"self":[{"href":"https:\/\/www.linnasto.fi\/kustannuslinna\/wp-json\/wp\/v2\/product\/358","targetHints":{"allow":["GET"]}}],"collection":[{"href":"https:\/\/www.linnasto.fi\/kustannuslinna\/wp-json\/wp\/v2\/product"}],"about":[{"href":"https:\/\/www.linnasto.fi\/kustannuslinna\/wp-json\/wp\/v2\/types\/product"}],"wp:featuredmedia":[{"embeddable":true,"href":"https:\/\/www.linnasto.fi\/kustannuslinna\/wp-json\/wp\/v2\/media\/359"}],"wp:attachment":[{"href":"https:\/\/www.linnasto.fi\/kustannuslinna\/wp-json\/wp\/v2\/media?parent=358"}],"wp:term":[{"taxonomy":"product_brand","embeddable":true,"href":"https:\/\/www.linnasto.fi\/kustannuslinna\/wp-json\/wp\/v2\/product_brand?post=358"},{"taxonomy":"product_cat","embeddable":true,"href":"https:\/\/www.linnasto.fi\/kustannuslinna\/wp-json\/wp\/v2\/product_cat?post=358"},{"taxonomy":"product_tag","embeddable":true,"href":"https:\/\/www.linnasto.fi\/kustannuslinna\/wp-json\/wp\/v2\/product_tag?post=358"}],"curies":[{"name":"wp","href":"https:\/\/api.w.org\/{rel}","templated":true}]}}