{"id":6,"date":"2020-10-20T14:23:59","date_gmt":"2020-10-20T11:23:59","guid":{"rendered":"https:\/\/www.linnasto.fi\/kustannuslinna\/ostoskori\/"},"modified":"2020-10-20T14:23:59","modified_gmt":"2020-10-20T11:23:59","slug":"ostoskori","status":"publish","type":"page","link":"https:\/\/www.linnasto.fi\/kustannuslinna\/ostoskori\/","title":{"rendered":"Ostoskori"},"content":{"rendered":"\n","protected":false},"excerpt":{"rendered":"","protected":false},"author":1,"featured_media":0,"parent":0,"menu_order":0,"comment_status":"closed","ping_status":"closed","template":"","meta":{"neve_meta_sidebar":"","neve_meta_container":"","neve_meta_enable_content_width":"","neve_meta_content_width":0,"neve_meta_title_alignment":"","neve_meta_author_avatar":"","neve_post_elements_order":"","neve_meta_disable_header":"","neve_meta_disable_footer":"","neve_meta_disable_title":"","footnotes":""},"class_list":["post-6","page","type-page","status-publish","hentry"],"yoast_head":"<!-- This site is optimized with the Yoast SEO plugin v27.4 - https:\/\/yoast.com\/product\/yoast-seo-wordpress\/ -->\n<title>Ostoskori - Kustannus Linna<\/title>\n<meta name=\"robots\" content=\"index, follow, max-snippet:-1, max-image-preview:large, max-video-preview:-1\" \/>\n<link rel=\"canonical\" href=\"https:\/\/www.linnasto.fi\/kustannuslinna\/ostoskori\/\" \/>\n<meta property=\"og:locale\" content=\"fi_FI\" \/>\n<meta property=\"og:type\" content=\"article\" \/>\n<meta property=\"og:title\" content=\"Ostoskori - Kustannus Linna\" \/>\n<meta property=\"og:url\" content=\"https:\/\/www.linnasto.fi\/kustannuslinna\/ostoskori\/\" \/>\n<meta property=\"og:site_name\" content=\"Kustannus Linna\" \/>\n<meta name=\"twitter:card\" content=\"summary_large_image\" \/>\n<script type=\"application\/ld+json\" class=\"yoast-schema-graph\">{\"@context\":\"https:\\\/\\\/schema.org\",\"@graph\":[{\"@type\":\"WebPage\",\"@id\":\"https:\\\/\\\/www.linnasto.fi\\\/kustannuslinna\\\/ostoskori\\\/\",\"url\":\"https:\\\/\\\/www.linnasto.fi\\\/kustannuslinna\\\/ostoskori\\\/\",\"name\":\"Ostoskori - Kustannus Linna\",\"isPartOf\":{\"@id\":\"https:\\\/\\\/www.linnasto.fi\\\/kustannuslinna\\\/#website\"},\"datePublished\":\"2020-10-20T11:23:59+00:00\",\"breadcrumb\":{\"@id\":\"https:\\\/\\\/www.linnasto.fi\\\/kustannuslinna\\\/ostoskori\\\/#breadcrumb\"},\"inLanguage\":\"fi\",\"potentialAction\":[{\"@type\":\"ReadAction\",\"target\":[\"https:\\\/\\\/www.linnasto.fi\\\/kustannuslinna\\\/ostoskori\\\/\"]}]},{\"@type\":\"BreadcrumbList\",\"@id\":\"https:\\\/\\\/www.linnasto.fi\\\/kustannuslinna\\\/ostoskori\\\/#breadcrumb\",\"itemListElement\":[{\"@type\":\"ListItem\",\"position\":1,\"name\":\"Etusivu\",\"item\":\"https:\\\/\\\/www.linnasto.fi\\\/kustannuslinna\\\/\"},{\"@type\":\"ListItem\",\"position\":2,\"name\":\"Ostoskori\"}]},{\"@type\":\"WebSite\",\"@id\":\"https:\\\/\\\/www.linnasto.fi\\\/kustannuslinna\\\/#website\",\"url\":\"https:\\\/\\\/www.linnasto.fi\\\/kustannuslinna\\\/\",\"name\":\"Kustannus Linna\",\"description\":\"Pienkustantamo Jyv\u00e4skyl\u00e4ss\u00e4\",\"publisher\":{\"@id\":\"https:\\\/\\\/www.linnasto.fi\\\/kustannuslinna\\\/#organization\"},\"potentialAction\":[{\"@type\":\"SearchAction\",\"target\":{\"@type\":\"EntryPoint\",\"urlTemplate\":\"https:\\\/\\\/www.linnasto.fi\\\/kustannuslinna\\\/?s={search_term_string}\"},\"query-input\":{\"@type\":\"PropertyValueSpecification\",\"valueRequired\":true,\"valueName\":\"search_term_string\"}}],\"inLanguage\":\"fi\"},{\"@type\":\"Organization\",\"@id\":\"https:\\\/\\\/www.linnasto.fi\\\/kustannuslinna\\\/#organization\",\"name\":\"Kustannus Linna\",\"url\":\"https:\\\/\\\/www.linnasto.fi\\\/kustannuslinna\\\/\",\"logo\":{\"@type\":\"ImageObject\",\"inLanguage\":\"fi\",\"@id\":\"https:\\\/\\\/www.linnasto.fi\\\/kustannuslinna\\\/#\\\/schema\\\/logo\\\/image\\\/\",\"url\":\"https:\\\/\\\/www.linnasto.fi\\\/kustannuslinna\\\/wp-content\\\/uploads\\\/sites\\\/3\\\/2020\\\/10\\\/kustannuslogo.png\",\"contentUrl\":\"https:\\\/\\\/www.linnasto.fi\\\/kustannuslinna\\\/wp-content\\\/uploads\\\/sites\\\/3\\\/2020\\\/10\\\/kustannuslogo.png\",\"width\":559,\"height\":397,\"caption\":\"Kustannus Linna\"},\"image\":{\"@id\":\"https:\\\/\\\/www.linnasto.fi\\\/kustannuslinna\\\/#\\\/schema\\\/logo\\\/image\\\/\"}}]}<\/script>\n<!-- \/ Yoast SEO plugin. -->","yoast_head_json":{"title":"Ostoskori - Kustannus Linna","robots":{"index":"index","follow":"follow","max-snippet":"max-snippet:-1","max-image-preview":"max-image-preview:large","max-video-preview":"max-video-preview:-1"},"canonical":"https:\/\/www.linnasto.fi\/kustannuslinna\/ostoskori\/","og_locale":"fi_FI","og_type":"article","og_title":"Ostoskori - Kustannus Linna","og_url":"https:\/\/www.linnasto.fi\/kustannuslinna\/ostoskori\/","og_site_name":"Kustannus Linna","twitter_card":"summary_large_image","schema":{"@context":"https:\/\/schema.org","@graph":[{"@type":"WebPage","@id":"https:\/\/www.linnasto.fi\/kustannuslinna\/ostoskori\/","url":"https:\/\/www.linnasto.fi\/kustannuslinna\/ostoskori\/","name":"Ostoskori - Kustannus Linna","isPartOf":{"@id":"https:\/\/www.linnasto.fi\/kustannuslinna\/#website"},"datePublished":"2020-10-20T11:23:59+00:00","breadcrumb":{"@id":"https:\/\/www.linnasto.fi\/kustannuslinna\/ostoskori\/#breadcrumb"},"inLanguage":"fi","potentialAction":[{"@type":"ReadAction","target":["https:\/\/www.linnasto.fi\/kustannuslinna\/ostoskori\/"]}]},{"@type":"BreadcrumbList","@id":"https:\/\/www.linnasto.fi\/kustannuslinna\/ostoskori\/#breadcrumb","itemListElement":[{"@type":"ListItem","position":1,"name":"Etusivu","item":"https:\/\/www.linnasto.fi\/kustannuslinna\/"},{"@type":"ListItem","position":2,"name":"Ostoskori"}]},{"@type":"WebSite","@id":"https:\/\/www.linnasto.fi\/kustannuslinna\/#website","url":"https:\/\/www.linnasto.fi\/kustannuslinna\/","name":"Kustannus Linna","description":"Pienkustantamo Jyv\u00e4skyl\u00e4ss\u00e4","publisher":{"@id":"https:\/\/www.linnasto.fi\/kustannuslinna\/#organization"},"potentialAction":[{"@type":"SearchAction","target":{"@type":"EntryPoint","urlTemplate":"https:\/\/www.linnasto.fi\/kustannuslinna\/?s={search_term_string}"},"query-input":{"@type":"PropertyValueSpecification","valueRequired":true,"valueName":"search_term_string"}}],"inLanguage":"fi"},{"@type":"Organization","@id":"https:\/\/www.linnasto.fi\/kustannuslinna\/#organization","name":"Kustannus Linna","url":"https:\/\/www.linnasto.fi\/kustannuslinna\/","logo":{"@type":"ImageObject","inLanguage":"fi","@id":"https:\/\/www.linnasto.fi\/kustannuslinna\/#\/schema\/logo\/image\/","url":"https:\/\/www.linnasto.fi\/kustannuslinna\/wp-content\/uploads\/sites\/3\/2020\/10\/kustannuslogo.png","contentUrl":"https:\/\/www.linnasto.fi\/kustannuslinna\/wp-content\/uploads\/sites\/3\/2020\/10\/kustannuslogo.png","width":559,"height":397,"caption":"Kustannus Linna"},"image":{"@id":"https:\/\/www.linnasto.fi\/kustannuslinna\/#\/schema\/logo\/image\/"}}]}},"_links":{"self":[{"href":"https:\/\/www.linnasto.fi\/kustannuslinna\/wp-json\/wp\/v2\/pages\/6","targetHints":{"allow":["GET"]}}],"collection":[{"href":"https:\/\/www.linnasto.fi\/kustannuslinna\/wp-json\/wp\/v2\/pages"}],"about":[{"href":"https:\/\/www.linnasto.fi\/kustannuslinna\/wp-json\/wp\/v2\/types\/page"}],"author":[{"embeddable":true,"href":"https:\/\/www.linnasto.fi\/kustannuslinna\/wp-json\/wp\/v2\/users\/1"}],"replies":[{"embeddable":true,"href":"https:\/\/www.linnasto.fi\/kustannuslinna\/wp-json\/wp\/v2\/comments?post=6"}],"version-history":[{"count":1,"href":"https:\/\/www.linnasto.fi\/kustannuslinna\/wp-json\/wp\/v2\/pages\/6\/revisions"}],"predecessor-version":[{"id":147,"href":"https:\/\/www.linnasto.fi\/kustannuslinna\/wp-json\/wp\/v2\/pages\/6\/revisions\/147"}],"wp:attachment":[{"href":"https:\/\/www.linnasto.fi\/kustannuslinna\/wp-json\/wp\/v2\/media?parent=6"}],"curies":[{"name":"wp","href":"https:\/\/api.w.org\/{rel}","templated":true}]}}