{"id":39,"date":"2020-10-21T10:44:02","date_gmt":"2020-10-21T07:44:02","guid":{"rendered":"https:\/\/www.linnasto.fi\/kustannuslinna\/?page_id=39"},"modified":"2020-12-17T18:23:38","modified_gmt":"2020-12-17T16:23:38","slug":"jalleenmyyjat","status":"publish","type":"page","link":"https:\/\/www.linnasto.fi\/kustannuslinna\/jalleenmyyjat\/","title":{"rendered":"Kustannus Linnan j\u00e4lleenmyyj\u00e4t"},"content":{"rendered":"\n<p>Tikkiverstas (Vapaudenkatu 85, Jyv\u00e4skyl\u00e4)<\/p>\n\n\n\n<p>Jyv\u00e4skyl\u00e4n Taidemuseo Holvi (Kauppakatu 23, Jyv\u00e4skyl\u00e4)<\/p>\n\n\n\n<p><a href=\"https:\/\/www.linnasto.fi\/linnapuoti\">Verkkokauppa LinnaPuoti<\/a><\/p>\n\n\n\n<p>Tilaus my\u00f6s osoitteesta&nbsp;<a href=\"mailto:info@kustannuslinna.fi,\">info(a)kustannuslinna.fi<\/a><a href=\"http:\/\/www.kustannuslinna.fi\/\"> <\/a>tai p. 044 986 8660<\/p>\n\n\n\n<p><\/p>\n","protected":false},"excerpt":{"rendered":"<p>Tikkiverstas (Vapaudenkatu 85, Jyv\u00e4skyl\u00e4) Jyv\u00e4skyl\u00e4n Taidemuseo Holvi (Kauppakatu 23, Jyv\u00e4skyl\u00e4) Verkkokauppa LinnaPuoti Tilaus my\u00f6s osoitteesta&nbsp;info(a)kustannuslinna.fi tai p. 044 986 8660<\/p>\n","protected":false},"author":1,"featured_media":0,"parent":0,"menu_order":0,"comment_status":"closed","ping_status":"closed","template":"","meta":{"neve_meta_sidebar":"full-width","neve_meta_container":"","neve_meta_enable_content_width":"on","neve_meta_content_width":100,"neve_meta_title_alignment":"","neve_meta_author_avatar":"","neve_post_elements_order":"","neve_meta_disable_header":"","neve_meta_disable_footer":"","neve_meta_disable_title":"","footnotes":""},"class_list":["post-39","page","type-page","status-publish","hentry"],"yoast_head":"<!-- This site is optimized with the Yoast SEO plugin v27.4 - https:\/\/yoast.com\/product\/yoast-seo-wordpress\/ -->\n<title>Kustannus Linnan j\u00e4lleenmyyj\u00e4t - Kustannus Linna<\/title>\n<meta name=\"description\" content=\"Kustannus Linnan j\u00e4lleenmyyji\u00e4 ovat: Baari Vakiopaine, Antikvariaatti Lukuhetki, Jyv\u00e4skyl\u00e4n Taidemuseo Holvi, Suomalainen Kirjakauppa sek\u00e4 LinnaPuoti.\" \/>\n<meta name=\"robots\" content=\"index, follow, max-snippet:-1, max-image-preview:large, max-video-preview:-1\" \/>\n<link rel=\"canonical\" href=\"https:\/\/www.linnasto.fi\/kustannuslinna\/jalleenmyyjat\/\" \/>\n<meta property=\"og:locale\" content=\"fi_FI\" \/>\n<meta property=\"og:type\" content=\"article\" \/>\n<meta property=\"og:title\" content=\"Kustannus Linnan j\u00e4lleenmyyj\u00e4t - Kustannus Linna\" \/>\n<meta property=\"og:description\" content=\"Kustannus Linnan j\u00e4lleenmyyji\u00e4 ovat: Baari Vakiopaine, Antikvariaatti Lukuhetki, Jyv\u00e4skyl\u00e4n Taidemuseo Holvi, Suomalainen Kirjakauppa sek\u00e4 LinnaPuoti.\" \/>\n<meta property=\"og:url\" content=\"https:\/\/www.linnasto.fi\/kustannuslinna\/jalleenmyyjat\/\" \/>\n<meta property=\"og:site_name\" content=\"Kustannus Linna\" \/>\n<meta property=\"article:modified_time\" content=\"2020-12-17T16:23:38+00:00\" \/>\n<meta name=\"twitter:card\" content=\"summary_large_image\" \/>\n<script type=\"application\/ld+json\" class=\"yoast-schema-graph\">{\"@context\":\"https:\\\/\\\/schema.org\",\"@graph\":[{\"@type\":\"WebPage\",\"@id\":\"https:\\\/\\\/www.linnasto.fi\\\/kustannuslinna\\\/jalleenmyyjat\\\/\",\"url\":\"https:\\\/\\\/www.linnasto.fi\\\/kustannuslinna\\\/jalleenmyyjat\\\/\",\"name\":\"Kustannus Linnan j\u00e4lleenmyyj\u00e4t - Kustannus Linna\",\"isPartOf\":{\"@id\":\"https:\\\/\\\/www.linnasto.fi\\\/kustannuslinna\\\/#website\"},\"datePublished\":\"2020-10-21T07:44:02+00:00\",\"dateModified\":\"2020-12-17T16:23:38+00:00\",\"description\":\"Kustannus Linnan j\u00e4lleenmyyji\u00e4 ovat: Baari Vakiopaine, Antikvariaatti Lukuhetki, Jyv\u00e4skyl\u00e4n Taidemuseo Holvi, Suomalainen Kirjakauppa sek\u00e4 LinnaPuoti.\",\"breadcrumb\":{\"@id\":\"https:\\\/\\\/www.linnasto.fi\\\/kustannuslinna\\\/jalleenmyyjat\\\/#breadcrumb\"},\"inLanguage\":\"fi\",\"potentialAction\":[{\"@type\":\"ReadAction\",\"target\":[\"https:\\\/\\\/www.linnasto.fi\\\/kustannuslinna\\\/jalleenmyyjat\\\/\"]}]},{\"@type\":\"BreadcrumbList\",\"@id\":\"https:\\\/\\\/www.linnasto.fi\\\/kustannuslinna\\\/jalleenmyyjat\\\/#breadcrumb\",\"itemListElement\":[{\"@type\":\"ListItem\",\"position\":1,\"name\":\"Etusivu\",\"item\":\"https:\\\/\\\/www.linnasto.fi\\\/kustannuslinna\\\/\"},{\"@type\":\"ListItem\",\"position\":2,\"name\":\"Kustannus Linnan j\u00e4lleenmyyj\u00e4t\"}]},{\"@type\":\"WebSite\",\"@id\":\"https:\\\/\\\/www.linnasto.fi\\\/kustannuslinna\\\/#website\",\"url\":\"https:\\\/\\\/www.linnasto.fi\\\/kustannuslinna\\\/\",\"name\":\"Kustannus Linna\",\"description\":\"Pienkustantamo Jyv\u00e4skyl\u00e4ss\u00e4\",\"publisher\":{\"@id\":\"https:\\\/\\\/www.linnasto.fi\\\/kustannuslinna\\\/#organization\"},\"potentialAction\":[{\"@type\":\"SearchAction\",\"target\":{\"@type\":\"EntryPoint\",\"urlTemplate\":\"https:\\\/\\\/www.linnasto.fi\\\/kustannuslinna\\\/?s={search_term_string}\"},\"query-input\":{\"@type\":\"PropertyValueSpecification\",\"valueRequired\":true,\"valueName\":\"search_term_string\"}}],\"inLanguage\":\"fi\"},{\"@type\":\"Organization\",\"@id\":\"https:\\\/\\\/www.linnasto.fi\\\/kustannuslinna\\\/#organization\",\"name\":\"Kustannus Linna\",\"url\":\"https:\\\/\\\/www.linnasto.fi\\\/kustannuslinna\\\/\",\"logo\":{\"@type\":\"ImageObject\",\"inLanguage\":\"fi\",\"@id\":\"https:\\\/\\\/www.linnasto.fi\\\/kustannuslinna\\\/#\\\/schema\\\/logo\\\/image\\\/\",\"url\":\"https:\\\/\\\/www.linnasto.fi\\\/kustannuslinna\\\/wp-content\\\/uploads\\\/sites\\\/3\\\/2020\\\/10\\\/kustannuslogo.png\",\"contentUrl\":\"https:\\\/\\\/www.linnasto.fi\\\/kustannuslinna\\\/wp-content\\\/uploads\\\/sites\\\/3\\\/2020\\\/10\\\/kustannuslogo.png\",\"width\":559,\"height\":397,\"caption\":\"Kustannus Linna\"},\"image\":{\"@id\":\"https:\\\/\\\/www.linnasto.fi\\\/kustannuslinna\\\/#\\\/schema\\\/logo\\\/image\\\/\"}}]}<\/script>\n<!-- \/ Yoast SEO plugin. -->","yoast_head_json":{"title":"Kustannus Linnan j\u00e4lleenmyyj\u00e4t - Kustannus Linna","description":"Kustannus Linnan j\u00e4lleenmyyji\u00e4 ovat: Baari Vakiopaine, Antikvariaatti Lukuhetki, Jyv\u00e4skyl\u00e4n Taidemuseo Holvi, Suomalainen Kirjakauppa sek\u00e4 LinnaPuoti.","robots":{"index":"index","follow":"follow","max-snippet":"max-snippet:-1","max-image-preview":"max-image-preview:large","max-video-preview":"max-video-preview:-1"},"canonical":"https:\/\/www.linnasto.fi\/kustannuslinna\/jalleenmyyjat\/","og_locale":"fi_FI","og_type":"article","og_title":"Kustannus Linnan j\u00e4lleenmyyj\u00e4t - Kustannus Linna","og_description":"Kustannus Linnan j\u00e4lleenmyyji\u00e4 ovat: Baari Vakiopaine, Antikvariaatti Lukuhetki, Jyv\u00e4skyl\u00e4n Taidemuseo Holvi, Suomalainen Kirjakauppa sek\u00e4 LinnaPuoti.","og_url":"https:\/\/www.linnasto.fi\/kustannuslinna\/jalleenmyyjat\/","og_site_name":"Kustannus Linna","article_modified_time":"2020-12-17T16:23:38+00:00","twitter_card":"summary_large_image","schema":{"@context":"https:\/\/schema.org","@graph":[{"@type":"WebPage","@id":"https:\/\/www.linnasto.fi\/kustannuslinna\/jalleenmyyjat\/","url":"https:\/\/www.linnasto.fi\/kustannuslinna\/jalleenmyyjat\/","name":"Kustannus Linnan j\u00e4lleenmyyj\u00e4t - Kustannus Linna","isPartOf":{"@id":"https:\/\/www.linnasto.fi\/kustannuslinna\/#website"},"datePublished":"2020-10-21T07:44:02+00:00","dateModified":"2020-12-17T16:23:38+00:00","description":"Kustannus Linnan j\u00e4lleenmyyji\u00e4 ovat: Baari Vakiopaine, Antikvariaatti Lukuhetki, Jyv\u00e4skyl\u00e4n Taidemuseo Holvi, Suomalainen Kirjakauppa sek\u00e4 LinnaPuoti.","breadcrumb":{"@id":"https:\/\/www.linnasto.fi\/kustannuslinna\/jalleenmyyjat\/#breadcrumb"},"inLanguage":"fi","potentialAction":[{"@type":"ReadAction","target":["https:\/\/www.linnasto.fi\/kustannuslinna\/jalleenmyyjat\/"]}]},{"@type":"BreadcrumbList","@id":"https:\/\/www.linnasto.fi\/kustannuslinna\/jalleenmyyjat\/#breadcrumb","itemListElement":[{"@type":"ListItem","position":1,"name":"Etusivu","item":"https:\/\/www.linnasto.fi\/kustannuslinna\/"},{"@type":"ListItem","position":2,"name":"Kustannus Linnan j\u00e4lleenmyyj\u00e4t"}]},{"@type":"WebSite","@id":"https:\/\/www.linnasto.fi\/kustannuslinna\/#website","url":"https:\/\/www.linnasto.fi\/kustannuslinna\/","name":"Kustannus Linna","description":"Pienkustantamo Jyv\u00e4skyl\u00e4ss\u00e4","publisher":{"@id":"https:\/\/www.linnasto.fi\/kustannuslinna\/#organization"},"potentialAction":[{"@type":"SearchAction","target":{"@type":"EntryPoint","urlTemplate":"https:\/\/www.linnasto.fi\/kustannuslinna\/?s={search_term_string}"},"query-input":{"@type":"PropertyValueSpecification","valueRequired":true,"valueName":"search_term_string"}}],"inLanguage":"fi"},{"@type":"Organization","@id":"https:\/\/www.linnasto.fi\/kustannuslinna\/#organization","name":"Kustannus Linna","url":"https:\/\/www.linnasto.fi\/kustannuslinna\/","logo":{"@type":"ImageObject","inLanguage":"fi","@id":"https:\/\/www.linnasto.fi\/kustannuslinna\/#\/schema\/logo\/image\/","url":"https:\/\/www.linnasto.fi\/kustannuslinna\/wp-content\/uploads\/sites\/3\/2020\/10\/kustannuslogo.png","contentUrl":"https:\/\/www.linnasto.fi\/kustannuslinna\/wp-content\/uploads\/sites\/3\/2020\/10\/kustannuslogo.png","width":559,"height":397,"caption":"Kustannus Linna"},"image":{"@id":"https:\/\/www.linnasto.fi\/kustannuslinna\/#\/schema\/logo\/image\/"}}]}},"_links":{"self":[{"href":"https:\/\/www.linnasto.fi\/kustannuslinna\/wp-json\/wp\/v2\/pages\/39","targetHints":{"allow":["GET"]}}],"collection":[{"href":"https:\/\/www.linnasto.fi\/kustannuslinna\/wp-json\/wp\/v2\/pages"}],"about":[{"href":"https:\/\/www.linnasto.fi\/kustannuslinna\/wp-json\/wp\/v2\/types\/page"}],"author":[{"embeddable":true,"href":"https:\/\/www.linnasto.fi\/kustannuslinna\/wp-json\/wp\/v2\/users\/1"}],"replies":[{"embeddable":true,"href":"https:\/\/www.linnasto.fi\/kustannuslinna\/wp-json\/wp\/v2\/comments?post=39"}],"version-history":[{"count":11,"href":"https:\/\/www.linnasto.fi\/kustannuslinna\/wp-json\/wp\/v2\/pages\/39\/revisions"}],"predecessor-version":[{"id":235,"href":"https:\/\/www.linnasto.fi\/kustannuslinna\/wp-json\/wp\/v2\/pages\/39\/revisions\/235"}],"wp:attachment":[{"href":"https:\/\/www.linnasto.fi\/kustannuslinna\/wp-json\/wp\/v2\/media?parent=39"}],"curies":[{"name":"wp","href":"https:\/\/api.w.org\/{rel}","templated":true}]}}