{"id":34,"date":"2020-10-21T10:42:27","date_gmt":"2020-10-21T07:42:27","guid":{"rendered":"https:\/\/www.linnasto.fi\/kustannuslinna\/?page_id=34"},"modified":"2020-12-05T19:20:13","modified_gmt":"2020-12-05T17:20:13","slug":"yhteystiedot","status":"publish","type":"page","link":"https:\/\/www.linnasto.fi\/kustannuslinna\/yhteystiedot\/","title":{"rendered":"Yhteystiedot"},"content":{"rendered":"\n<div class=\"wp-block-columns is-layout-flex wp-container-core-columns-is-layout-9d6595d7 wp-block-columns-is-layout-flex\">\n<div class=\"wp-block-column is-layout-flow wp-block-column-is-layout-flow\">\n<div class=\"wp-block-image\"><figure class=\"alignleft size-large\"><img loading=\"lazy\" decoding=\"async\" width=\"512\" height=\"768\" src=\"http:\/\/www.linnasto.fi\/kustannuslinna\/wp-content\/uploads\/sites\/3\/2020\/11\/LINNA_LIULIIPHOTO_2020-20.jpg\" alt=\"\" class=\"wp-image-196\" srcset=\"https:\/\/www.linnasto.fi\/kustannuslinna\/wp-content\/uploads\/sites\/3\/2020\/11\/LINNA_LIULIIPHOTO_2020-20.jpg 512w, https:\/\/www.linnasto.fi\/kustannuslinna\/wp-content\/uploads\/sites\/3\/2020\/11\/LINNA_LIULIIPHOTO_2020-20-200x300.jpg 200w\" sizes=\"auto, (max-width: 512px) 100vw, 512px\" \/><figcaption>Kuva: Anne Lius-Liimatainen<\/figcaption><\/figure><\/div>\n\n\n\n<p><\/p>\n<\/div>\n\n\n\n<div class=\"wp-block-column is-layout-flow wp-block-column-is-layout-flow\" style=\"flex-basis:64%\">\n<p><strong>Kustannus Linna \/ Pasi Linna<\/strong><br>Latvatie 11<br>40320 Jyv\u00e4skyl\u00e4<br>p. 044 986 8660<br>info(\u00e4t)kustannuslinna.fi<\/p>\n<\/div>\n<\/div>\n\n\n\n<hr class=\"wp-block-separator is-style-wide\"\/>\n\n\n\n<h3 class=\"wp-block-heading\">Ota yhteytt\u00e4 lomakkeella:<\/h3>\n\n\n\n<div class=\"wpcf7 no-js\" id=\"wpcf7-f87-o1\" lang=\"fi\" dir=\"ltr\" data-wpcf7-id=\"87\">\n<div class=\"screen-reader-response\"><p role=\"status\" aria-live=\"polite\" aria-atomic=\"true\"><\/p> <ul><\/ul><\/div>\n<form action=\"\/kustannuslinna\/wp-json\/wp\/v2\/pages\/34#wpcf7-f87-o1\" method=\"post\" class=\"wpcf7-form init\" aria-label=\"Yhteydenottolomake\" novalidate=\"novalidate\" data-status=\"init\">\n<fieldset class=\"hidden-fields-container\"><input type=\"hidden\" name=\"_wpcf7\" value=\"87\" \/><input type=\"hidden\" name=\"_wpcf7_version\" value=\"6.1.5\" \/><input type=\"hidden\" name=\"_wpcf7_locale\" value=\"fi\" \/><input type=\"hidden\" name=\"_wpcf7_unit_tag\" value=\"wpcf7-f87-o1\" \/><input type=\"hidden\" name=\"_wpcf7_container_post\" value=\"0\" \/><input type=\"hidden\" name=\"_wpcf7_posted_data_hash\" value=\"\" \/><input type=\"hidden\" name=\"_wpcf7_recaptcha_response\" value=\"\" \/>\n<\/fieldset>\n<p><label> Nimi (pakollinen)<br \/>\n<span class=\"wpcf7-form-control-wrap\" data-name=\"your-name\"><input size=\"40\" maxlength=\"400\" class=\"wpcf7-form-control wpcf7-text wpcf7-validates-as-required\" aria-required=\"true\" aria-invalid=\"false\" value=\"\" type=\"text\" name=\"your-name\" \/><\/span> <\/label>\n<\/p>\n<p><label> S\u00e4hk\u00f6posti (pakollinen)<br \/>\n<span class=\"wpcf7-form-control-wrap\" data-name=\"your-email\"><input size=\"40\" maxlength=\"400\" class=\"wpcf7-form-control wpcf7-email wpcf7-validates-as-required wpcf7-text wpcf7-validates-as-email\" aria-required=\"true\" aria-invalid=\"false\" value=\"\" type=\"email\" name=\"your-email\" \/><\/span> <\/label>\n<\/p>\n<p><label> Aihe<br \/>\n<span class=\"wpcf7-form-control-wrap\" data-name=\"your-subject\"><input size=\"40\" maxlength=\"400\" class=\"wpcf7-form-control wpcf7-text\" aria-invalid=\"false\" value=\"\" type=\"text\" name=\"your-subject\" \/><\/span> <\/label>\n<\/p>\n<p><label> Viesti<br \/>\n<span class=\"wpcf7-form-control-wrap\" data-name=\"your-message\"><textarea cols=\"40\" rows=\"10\" maxlength=\"2000\" class=\"wpcf7-form-control wpcf7-textarea\" aria-invalid=\"false\" name=\"your-message\"><\/textarea><\/span> <\/label>\n<\/p>\n<p><input class=\"wpcf7-form-control wpcf7-submit has-spinner\" type=\"submit\" value=\"L\u00e4het\u00e4\" \/>\n<\/p><p style=\"display: none !important;\" class=\"akismet-fields-container\" data-prefix=\"_wpcf7_ak_\"><label>&#916;<textarea name=\"_wpcf7_ak_hp_textarea\" cols=\"45\" rows=\"8\" maxlength=\"100\"><\/textarea><\/label><input type=\"hidden\" id=\"ak_js_1\" name=\"_wpcf7_ak_js\" value=\"49\"\/><script>document.getElementById( \"ak_js_1\" ).setAttribute( \"value\", ( new Date() ).getTime() );<\/script><\/p><div class=\"wpcf7-response-output\" aria-hidden=\"true\"><\/div>\n<\/form>\n<\/div>\n\n\n\n\n<p><\/p>\n","protected":false},"excerpt":{"rendered":"<p>Kustannus Linna \/ Pasi LinnaLatvatie 1140320 Jyv\u00e4skyl\u00e4p. 044 986 8660info(\u00e4t)kustannuslinna.fi Ota yhteytt\u00e4 lomakkeella:<\/p>\n","protected":false},"author":1,"featured_media":0,"parent":0,"menu_order":0,"comment_status":"closed","ping_status":"closed","template":"","meta":{"neve_meta_sidebar":"full-width","neve_meta_container":"","neve_meta_enable_content_width":"on","neve_meta_content_width":100,"neve_meta_title_alignment":"","neve_meta_author_avatar":"","neve_post_elements_order":"","neve_meta_disable_header":"","neve_meta_disable_footer":"","neve_meta_disable_title":"","footnotes":""},"class_list":["post-34","page","type-page","status-publish","hentry"],"yoast_head":"<!-- This site is optimized with the Yoast SEO plugin v27.4 - https:\/\/yoast.com\/product\/yoast-seo-wordpress\/ -->\n<title>Yhteystiedot - Kustannus Linna, Jyv\u00e4skyl\u00e4<\/title>\n<meta name=\"description\" content=\"Kustannus Linna \/ Pasi Linna. Latvatie 11, 40320 Jyv\u00e4skyl\u00e4. p. 044 986 8660. info(\u00e4t)kustannuslinna.fi\" \/>\n<meta name=\"robots\" content=\"index, follow, max-snippet:-1, max-image-preview:large, max-video-preview:-1\" \/>\n<link rel=\"canonical\" href=\"https:\/\/www.linnasto.fi\/kustannuslinna\/yhteystiedot\/\" \/>\n<meta property=\"og:locale\" content=\"fi_FI\" \/>\n<meta property=\"og:type\" content=\"article\" \/>\n<meta property=\"og:title\" content=\"Yhteystiedot - Kustannus Linna, Jyv\u00e4skyl\u00e4\" \/>\n<meta property=\"og:description\" content=\"Kustannus Linna \/ Pasi Linna. Latvatie 11, 40320 Jyv\u00e4skyl\u00e4. p. 044 986 8660. info(\u00e4t)kustannuslinna.fi\" \/>\n<meta property=\"og:url\" content=\"https:\/\/www.linnasto.fi\/kustannuslinna\/yhteystiedot\/\" \/>\n<meta property=\"og:site_name\" content=\"Kustannus Linna\" \/>\n<meta property=\"article:modified_time\" content=\"2020-12-05T17:20:13+00:00\" \/>\n<meta property=\"og:image\" content=\"http:\/\/www.linnasto.fi\/kustannuslinna\/wp-content\/uploads\/sites\/3\/2020\/11\/LINNA_LIULIIPHOTO_2020-20.jpg\" \/>\n<meta name=\"twitter:card\" content=\"summary_large_image\" \/>\n<script type=\"application\/ld+json\" class=\"yoast-schema-graph\">{\"@context\":\"https:\\\/\\\/schema.org\",\"@graph\":[{\"@type\":\"WebPage\",\"@id\":\"https:\\\/\\\/www.linnasto.fi\\\/kustannuslinna\\\/yhteystiedot\\\/\",\"url\":\"https:\\\/\\\/www.linnasto.fi\\\/kustannuslinna\\\/yhteystiedot\\\/\",\"name\":\"Yhteystiedot - Kustannus Linna, Jyv\u00e4skyl\u00e4\",\"isPartOf\":{\"@id\":\"https:\\\/\\\/www.linnasto.fi\\\/kustannuslinna\\\/#website\"},\"primaryImageOfPage\":{\"@id\":\"https:\\\/\\\/www.linnasto.fi\\\/kustannuslinna\\\/yhteystiedot\\\/#primaryimage\"},\"image\":{\"@id\":\"https:\\\/\\\/www.linnasto.fi\\\/kustannuslinna\\\/yhteystiedot\\\/#primaryimage\"},\"thumbnailUrl\":\"http:\\\/\\\/www.linnasto.fi\\\/kustannuslinna\\\/wp-content\\\/uploads\\\/sites\\\/3\\\/2020\\\/11\\\/LINNA_LIULIIPHOTO_2020-20.jpg\",\"datePublished\":\"2020-10-21T07:42:27+00:00\",\"dateModified\":\"2020-12-05T17:20:13+00:00\",\"description\":\"Kustannus Linna \\\/ Pasi Linna. Latvatie 11, 40320 Jyv\u00e4skyl\u00e4. p. 044 986 8660. info(\u00e4t)kustannuslinna.fi\",\"breadcrumb\":{\"@id\":\"https:\\\/\\\/www.linnasto.fi\\\/kustannuslinna\\\/yhteystiedot\\\/#breadcrumb\"},\"inLanguage\":\"fi\",\"potentialAction\":[{\"@type\":\"ReadAction\",\"target\":[\"https:\\\/\\\/www.linnasto.fi\\\/kustannuslinna\\\/yhteystiedot\\\/\"]}]},{\"@type\":\"ImageObject\",\"inLanguage\":\"fi\",\"@id\":\"https:\\\/\\\/www.linnasto.fi\\\/kustannuslinna\\\/yhteystiedot\\\/#primaryimage\",\"url\":\"http:\\\/\\\/www.linnasto.fi\\\/kustannuslinna\\\/wp-content\\\/uploads\\\/sites\\\/3\\\/2020\\\/11\\\/LINNA_LIULIIPHOTO_2020-20.jpg\",\"contentUrl\":\"http:\\\/\\\/www.linnasto.fi\\\/kustannuslinna\\\/wp-content\\\/uploads\\\/sites\\\/3\\\/2020\\\/11\\\/LINNA_LIULIIPHOTO_2020-20.jpg\"},{\"@type\":\"BreadcrumbList\",\"@id\":\"https:\\\/\\\/www.linnasto.fi\\\/kustannuslinna\\\/yhteystiedot\\\/#breadcrumb\",\"itemListElement\":[{\"@type\":\"ListItem\",\"position\":1,\"name\":\"Etusivu\",\"item\":\"https:\\\/\\\/www.linnasto.fi\\\/kustannuslinna\\\/\"},{\"@type\":\"ListItem\",\"position\":2,\"name\":\"Yhteystiedot\"}]},{\"@type\":\"WebSite\",\"@id\":\"https:\\\/\\\/www.linnasto.fi\\\/kustannuslinna\\\/#website\",\"url\":\"https:\\\/\\\/www.linnasto.fi\\\/kustannuslinna\\\/\",\"name\":\"Kustannus Linna\",\"description\":\"Pienkustantamo Jyv\u00e4skyl\u00e4ss\u00e4\",\"publisher\":{\"@id\":\"https:\\\/\\\/www.linnasto.fi\\\/kustannuslinna\\\/#organization\"},\"potentialAction\":[{\"@type\":\"SearchAction\",\"target\":{\"@type\":\"EntryPoint\",\"urlTemplate\":\"https:\\\/\\\/www.linnasto.fi\\\/kustannuslinna\\\/?s={search_term_string}\"},\"query-input\":{\"@type\":\"PropertyValueSpecification\",\"valueRequired\":true,\"valueName\":\"search_term_string\"}}],\"inLanguage\":\"fi\"},{\"@type\":\"Organization\",\"@id\":\"https:\\\/\\\/www.linnasto.fi\\\/kustannuslinna\\\/#organization\",\"name\":\"Kustannus Linna\",\"url\":\"https:\\\/\\\/www.linnasto.fi\\\/kustannuslinna\\\/\",\"logo\":{\"@type\":\"ImageObject\",\"inLanguage\":\"fi\",\"@id\":\"https:\\\/\\\/www.linnasto.fi\\\/kustannuslinna\\\/#\\\/schema\\\/logo\\\/image\\\/\",\"url\":\"https:\\\/\\\/www.linnasto.fi\\\/kustannuslinna\\\/wp-content\\\/uploads\\\/sites\\\/3\\\/2020\\\/10\\\/kustannuslogo.png\",\"contentUrl\":\"https:\\\/\\\/www.linnasto.fi\\\/kustannuslinna\\\/wp-content\\\/uploads\\\/sites\\\/3\\\/2020\\\/10\\\/kustannuslogo.png\",\"width\":559,\"height\":397,\"caption\":\"Kustannus Linna\"},\"image\":{\"@id\":\"https:\\\/\\\/www.linnasto.fi\\\/kustannuslinna\\\/#\\\/schema\\\/logo\\\/image\\\/\"}}]}<\/script>\n<!-- \/ Yoast SEO plugin. -->","yoast_head_json":{"title":"Yhteystiedot - Kustannus Linna, Jyv\u00e4skyl\u00e4","description":"Kustannus Linna \/ Pasi Linna. Latvatie 11, 40320 Jyv\u00e4skyl\u00e4. p. 044 986 8660. info(\u00e4t)kustannuslinna.fi","robots":{"index":"index","follow":"follow","max-snippet":"max-snippet:-1","max-image-preview":"max-image-preview:large","max-video-preview":"max-video-preview:-1"},"canonical":"https:\/\/www.linnasto.fi\/kustannuslinna\/yhteystiedot\/","og_locale":"fi_FI","og_type":"article","og_title":"Yhteystiedot - Kustannus Linna, Jyv\u00e4skyl\u00e4","og_description":"Kustannus Linna \/ Pasi Linna. Latvatie 11, 40320 Jyv\u00e4skyl\u00e4. p. 044 986 8660. info(\u00e4t)kustannuslinna.fi","og_url":"https:\/\/www.linnasto.fi\/kustannuslinna\/yhteystiedot\/","og_site_name":"Kustannus Linna","article_modified_time":"2020-12-05T17:20:13+00:00","og_image":[{"url":"http:\/\/www.linnasto.fi\/kustannuslinna\/wp-content\/uploads\/sites\/3\/2020\/11\/LINNA_LIULIIPHOTO_2020-20.jpg","type":"","width":"","height":""}],"twitter_card":"summary_large_image","schema":{"@context":"https:\/\/schema.org","@graph":[{"@type":"WebPage","@id":"https:\/\/www.linnasto.fi\/kustannuslinna\/yhteystiedot\/","url":"https:\/\/www.linnasto.fi\/kustannuslinna\/yhteystiedot\/","name":"Yhteystiedot - Kustannus Linna, Jyv\u00e4skyl\u00e4","isPartOf":{"@id":"https:\/\/www.linnasto.fi\/kustannuslinna\/#website"},"primaryImageOfPage":{"@id":"https:\/\/www.linnasto.fi\/kustannuslinna\/yhteystiedot\/#primaryimage"},"image":{"@id":"https:\/\/www.linnasto.fi\/kustannuslinna\/yhteystiedot\/#primaryimage"},"thumbnailUrl":"http:\/\/www.linnasto.fi\/kustannuslinna\/wp-content\/uploads\/sites\/3\/2020\/11\/LINNA_LIULIIPHOTO_2020-20.jpg","datePublished":"2020-10-21T07:42:27+00:00","dateModified":"2020-12-05T17:20:13+00:00","description":"Kustannus Linna \/ Pasi Linna. Latvatie 11, 40320 Jyv\u00e4skyl\u00e4. p. 044 986 8660. info(\u00e4t)kustannuslinna.fi","breadcrumb":{"@id":"https:\/\/www.linnasto.fi\/kustannuslinna\/yhteystiedot\/#breadcrumb"},"inLanguage":"fi","potentialAction":[{"@type":"ReadAction","target":["https:\/\/www.linnasto.fi\/kustannuslinna\/yhteystiedot\/"]}]},{"@type":"ImageObject","inLanguage":"fi","@id":"https:\/\/www.linnasto.fi\/kustannuslinna\/yhteystiedot\/#primaryimage","url":"http:\/\/www.linnasto.fi\/kustannuslinna\/wp-content\/uploads\/sites\/3\/2020\/11\/LINNA_LIULIIPHOTO_2020-20.jpg","contentUrl":"http:\/\/www.linnasto.fi\/kustannuslinna\/wp-content\/uploads\/sites\/3\/2020\/11\/LINNA_LIULIIPHOTO_2020-20.jpg"},{"@type":"BreadcrumbList","@id":"https:\/\/www.linnasto.fi\/kustannuslinna\/yhteystiedot\/#breadcrumb","itemListElement":[{"@type":"ListItem","position":1,"name":"Etusivu","item":"https:\/\/www.linnasto.fi\/kustannuslinna\/"},{"@type":"ListItem","position":2,"name":"Yhteystiedot"}]},{"@type":"WebSite","@id":"https:\/\/www.linnasto.fi\/kustannuslinna\/#website","url":"https:\/\/www.linnasto.fi\/kustannuslinna\/","name":"Kustannus Linna","description":"Pienkustantamo Jyv\u00e4skyl\u00e4ss\u00e4","publisher":{"@id":"https:\/\/www.linnasto.fi\/kustannuslinna\/#organization"},"potentialAction":[{"@type":"SearchAction","target":{"@type":"EntryPoint","urlTemplate":"https:\/\/www.linnasto.fi\/kustannuslinna\/?s={search_term_string}"},"query-input":{"@type":"PropertyValueSpecification","valueRequired":true,"valueName":"search_term_string"}}],"inLanguage":"fi"},{"@type":"Organization","@id":"https:\/\/www.linnasto.fi\/kustannuslinna\/#organization","name":"Kustannus Linna","url":"https:\/\/www.linnasto.fi\/kustannuslinna\/","logo":{"@type":"ImageObject","inLanguage":"fi","@id":"https:\/\/www.linnasto.fi\/kustannuslinna\/#\/schema\/logo\/image\/","url":"https:\/\/www.linnasto.fi\/kustannuslinna\/wp-content\/uploads\/sites\/3\/2020\/10\/kustannuslogo.png","contentUrl":"https:\/\/www.linnasto.fi\/kustannuslinna\/wp-content\/uploads\/sites\/3\/2020\/10\/kustannuslogo.png","width":559,"height":397,"caption":"Kustannus Linna"},"image":{"@id":"https:\/\/www.linnasto.fi\/kustannuslinna\/#\/schema\/logo\/image\/"}}]}},"_links":{"self":[{"href":"https:\/\/www.linnasto.fi\/kustannuslinna\/wp-json\/wp\/v2\/pages\/34","targetHints":{"allow":["GET"]}}],"collection":[{"href":"https:\/\/www.linnasto.fi\/kustannuslinna\/wp-json\/wp\/v2\/pages"}],"about":[{"href":"https:\/\/www.linnasto.fi\/kustannuslinna\/wp-json\/wp\/v2\/types\/page"}],"author":[{"embeddable":true,"href":"https:\/\/www.linnasto.fi\/kustannuslinna\/wp-json\/wp\/v2\/users\/1"}],"replies":[{"embeddable":true,"href":"https:\/\/www.linnasto.fi\/kustannuslinna\/wp-json\/wp\/v2\/comments?post=34"}],"version-history":[{"count":11,"href":"https:\/\/www.linnasto.fi\/kustannuslinna\/wp-json\/wp\/v2\/pages\/34\/revisions"}],"predecessor-version":[{"id":200,"href":"https:\/\/www.linnasto.fi\/kustannuslinna\/wp-json\/wp\/v2\/pages\/34\/revisions\/200"}],"wp:attachment":[{"href":"https:\/\/www.linnasto.fi\/kustannuslinna\/wp-json\/wp\/v2\/media?parent=34"}],"curies":[{"name":"wp","href":"https:\/\/api.w.org\/{rel}","templated":true}]}}