{"id":173,"date":"2020-11-17T10:46:10","date_gmt":"2020-11-17T08:46:10","guid":{"rendered":"https:\/\/www.linnasto.fi\/kustannuslinna\/?page_id=173"},"modified":"2020-12-05T19:15:46","modified_gmt":"2020-12-05T17:15:46","slug":"tietosuojaseloste","status":"publish","type":"page","link":"https:\/\/www.linnasto.fi\/kustannuslinna\/tietosuojaseloste\/","title":{"rendered":"Tietosuojaseloste"},"content":{"rendered":"\n<h3 class=\"wp-block-heading\">Keit\u00e4 olemme?<\/h3>\n\n\n\n<p>Kustannus Linna (toiminimi) on suomenkieliseen kirjallisuuteen keskittyv\u00e4 pienkustantamo. Asiakkaita ovat sek\u00e4 yhteis\u00f6t ett\u00e4 yksityishenkil\u00f6t. <\/p>\n\n\n\n<h3 class=\"wp-block-heading\">Mit\u00e4 henkil\u00f6tietoja ker\u00e4\u00e4mme ja miksi?<\/h3>\n\n\n\n<p>Kustannus Linna ker\u00e4\u00e4 asiakkaidensa laskutustietoja, kuten postiosoitteita, e-laskutustietoja, puhelinnumeroita ja yhteyshenkil\u00f6iden yhteystietoja (puhelinnumero ja s\u00e4hk\u00f6postiosoite). Laskutustietoja ker\u00e4t\u00e4\u00e4n, jotta Kustannus Linna voi l\u00e4hett\u00e4\u00e4 asiakkaalle laskun tuottamastaan palvelusta. Verkkokauppa-asiakkaiden kohdalla ker\u00e4t\u00e4\u00e4n osoitetietoja tuotteiden toimittamista varten, puhelinnumeroita Postin l\u00e4hett\u00e4mien tekstiviesti-ilmoitusten takia ja s\u00e4hk\u00f6postiosoitteita automaattisia tilausvahvistuksia varten. Verkkokauppaan ei voi tehd\u00e4 asiakastili\u00e4, tiedot sy\u00f6tet\u00e4\u00e4n j\u00e4rjestelm\u00e4\u00e4n aina uuden tilauksen yhteydess\u00e4.<\/p>\n\n\n\n<h3 class=\"wp-block-heading\">Yhteydenottolomakkeet<\/h3>\n\n\n\n<p>Kustannus Linna k\u00e4ytt\u00e4\u00e4 s\u00e4hk\u00f6isi\u00e4 yhteydenottolomakkeita, ja yhteytt\u00e4 voi ottaa my\u00f6s s\u00e4hk\u00f6postitse tai puhelimella.<\/p>\n\n\n\n<h3 class=\"wp-block-heading\">Muilta sivuilta upotettu sis\u00e4lt\u00f6<\/h3>\n\n\n\n<p>T\u00e4m\u00e4n sivuston artikkelit voivat sis\u00e4lt\u00e4\u00e4 upotettua sis\u00e4lt\u00f6\u00e4 (esimerkiksi videoita, kuvia, artikkeleita jne.). Toisilta sivustoilta tuodun upotetun sis\u00e4ll\u00f6n avaaminen on verrattavissa siihen, ett\u00e4 vierailija itse k\u00e4visi kolmannen osapuolen sivustolla.<\/p>\n\n\n\n<p>N\u00e4m\u00e4 sivustot voivat ker\u00e4t\u00e4 tietoa sinusta, k\u00e4ytt\u00e4\u00e4 ev\u00e4steit\u00e4, upottaa kolmannen osapuolen seurantaev\u00e4steit\u00e4 ja monitoroida vuorovaikutustasi upotetun sis\u00e4ll\u00f6n kanssa, mukaan lukien vuorovaikutuksen seuranta jos ja kun olet kirjautunut k\u00e4ytt\u00e4j\u00e4n\u00e4 sivustolle.<\/p>\n\n\n\n<h3 class=\"wp-block-heading\">Kenelle jaamme tietosi?<\/h3>\n\n\n\n<p>Tietoja ei luovuteta ulkopuoliselle taholle.<\/p>\n\n\n\n<h3 class=\"wp-block-heading\">Kuinka kauan s\u00e4ilyt\u00e4mme tietoja?<\/h3>\n\n\n\n<p>S\u00e4ilyt\u00e4mme asiakkaiden yhteystietoja koko jatkuvan asiakassuhteen ajan tai 1 vuoden ajan verkkokauppatilauksen tekemisest\u00e4.<\/p>\n\n\n\n<h3 class=\"wp-block-heading\">Mit\u00e4 oikeuksia sinulla on omaan tietoosi?<\/h3>\n\n\n\n<p>Voit pyyt\u00e4\u00e4 koostetiedostoa omista henkil\u00f6tiedoistasi, sis\u00e4lt\u00e4en kaiken henkil\u00f6tiedon, jonka olet antanut. Voit my\u00f6s pyyt\u00e4\u00e4 henkil\u00f6tietojesi poistoa.<\/p>\n\n\n\n<h3 class=\"wp-block-heading\">Kuinka suojelemme henkil\u00f6tietojasi?<\/h3>\n\n\n\n<p>Laskutusasiakkaiden yhteystietoja s\u00e4ilytet\u00e4\u00e4n s\u00e4hk\u00f6isesti salasanalla suojatulla tietokoneella. Varmuuskopiot tiedoista s\u00e4ilyv\u00e4t s\u00e4hk\u00f6isess\u00e4 laskutus-ja kirjanpito-ohjelma Procountorissa.<\/p>\n\n\n\n<p>Verkkokauppa-asiakkaiden henkil\u00f6tietoja s\u00e4ilytet\u00e4\u00e4n vuoden ajan tilauksen tekemisest\u00e4 salasanalla suojatussa j\u00e4rjestelm\u00e4ss\u00e4.<\/p>\n\n\n\n<h3 class=\"wp-block-heading\">Miten toimimme tietomurron tapahtuessa?<\/h3>\n\n\n\n<p>Tietomurron sattuessa pyrin informoimaan v\u00e4litt\u00f6m\u00e4sti niit\u00e4 henkil\u00f6it\u00e4, joiden tietoja murto koskee.<\/p>\n\n\n\n<h3 class=\"wp-block-heading\">Kolmannet osapuolet, joilta saamme henkil\u00f6tietoja?<\/h3>\n\n\n\n<p>Linnasto saa henkil\u00f6tietoja ainoastaan suoraan asiakkailtaan.<\/p>\n\n\n\n<h3 class=\"wp-block-heading\">Henkil\u00f6tietoon liittyv\u00e4 automaattinen p\u00e4\u00e4t\u00f6ksenteko ja profilointi<\/h3>\n\n\n\n<p>Henkil\u00f6tietoihin liittyv\u00e4\u00e4 automaattista profilointia ei tehd\u00e4.<\/p>\n\n\n\n<hr class=\"wp-block-separator is-style-wide\"\/>\n\n\n\n<h4 class=\"wp-block-heading\">LIS\u00c4TIETOJA:<\/h4>\n\n\n\n<p><strong>Pasi Linna<\/strong><br>Kustannus Linna<br>info(a)kustannuslinna.fi<\/p>\n","protected":false},"excerpt":{"rendered":"<p>Keit\u00e4 olemme? Kustannus Linna (toiminimi) on suomenkieliseen kirjallisuuteen keskittyv\u00e4 pienkustantamo. Asiakkaita ovat sek\u00e4 yhteis\u00f6t ett\u00e4 yksityishenkil\u00f6t. Mit\u00e4 henkil\u00f6tietoja ker\u00e4\u00e4mme ja miksi? Kustannus Linna ker\u00e4\u00e4 asiakkaidensa laskutustietoja, kuten postiosoitteita, e-laskutustietoja, puhelinnumeroita ja yhteyshenkil\u00f6iden yhteystietoja (puhelinnumero ja s\u00e4hk\u00f6postiosoite). Laskutustietoja ker\u00e4t\u00e4\u00e4n, jotta Kustannus Linna voi l\u00e4hett\u00e4\u00e4 asiakkaalle laskun tuottamastaan palvelusta. Verkkokauppa-asiakkaiden kohdalla ker\u00e4t\u00e4\u00e4n osoitetietoja tuotteiden toimittamista varten, puhelinnumeroita&hellip;&nbsp;<a href=\"https:\/\/www.linnasto.fi\/kustannuslinna\/tietosuojaseloste\/\" rel=\"bookmark\">Lue lis\u00e4\u00e4 &raquo;<span class=\"screen-reader-text\">Tietosuojaseloste<\/span><\/a><\/p>\n","protected":false},"author":1,"featured_media":0,"parent":0,"menu_order":0,"comment_status":"closed","ping_status":"closed","template":"","meta":{"neve_meta_sidebar":"full-width","neve_meta_container":"","neve_meta_enable_content_width":"on","neve_meta_content_width":100,"neve_meta_title_alignment":"","neve_meta_author_avatar":"","neve_post_elements_order":"","neve_meta_disable_header":"","neve_meta_disable_footer":"","neve_meta_disable_title":"","footnotes":""},"class_list":["post-173","page","type-page","status-publish","hentry"],"yoast_head":"<!-- This site is optimized with the Yoast SEO plugin v27.4 - https:\/\/yoast.com\/product\/yoast-seo-wordpress\/ -->\n<title>Tietosuojaseloste - Kustannus Linnan tietosuojaseloste<\/title>\n<meta name=\"description\" content=\"Tietosuojaseloste, henkil\u00f6tietojen k\u00e4ytt\u00f6 verkkokaupassa ja yrityksemme toiminnassa.\" \/>\n<meta name=\"robots\" content=\"index, follow, max-snippet:-1, max-image-preview:large, max-video-preview:-1\" \/>\n<link rel=\"canonical\" href=\"https:\/\/www.linnasto.fi\/kustannuslinna\/tietosuojaseloste\/\" \/>\n<meta property=\"og:locale\" content=\"fi_FI\" \/>\n<meta property=\"og:type\" content=\"article\" \/>\n<meta property=\"og:title\" content=\"Tietosuojaseloste - Kustannus Linnan tietosuojaseloste\" \/>\n<meta property=\"og:description\" content=\"Tietosuojaseloste, henkil\u00f6tietojen k\u00e4ytt\u00f6 verkkokaupassa ja yrityksemme toiminnassa.\" \/>\n<meta property=\"og:url\" content=\"https:\/\/www.linnasto.fi\/kustannuslinna\/tietosuojaseloste\/\" \/>\n<meta property=\"og:site_name\" content=\"Kustannus Linna\" \/>\n<meta property=\"article:modified_time\" content=\"2020-12-05T17:15:46+00:00\" \/>\n<meta name=\"twitter:card\" content=\"summary_large_image\" \/>\n<meta name=\"twitter:label1\" content=\"Arvioitu lukuaika\" \/>\n\t<meta name=\"twitter:data1\" content=\"2 minuuttia\" \/>\n<script type=\"application\/ld+json\" class=\"yoast-schema-graph\">{\"@context\":\"https:\\\/\\\/schema.org\",\"@graph\":[{\"@type\":\"WebPage\",\"@id\":\"https:\\\/\\\/www.linnasto.fi\\\/kustannuslinna\\\/tietosuojaseloste\\\/\",\"url\":\"https:\\\/\\\/www.linnasto.fi\\\/kustannuslinna\\\/tietosuojaseloste\\\/\",\"name\":\"Tietosuojaseloste - Kustannus Linnan tietosuojaseloste\",\"isPartOf\":{\"@id\":\"https:\\\/\\\/www.linnasto.fi\\\/kustannuslinna\\\/#website\"},\"datePublished\":\"2020-11-17T08:46:10+00:00\",\"dateModified\":\"2020-12-05T17:15:46+00:00\",\"description\":\"Tietosuojaseloste, henkil\u00f6tietojen k\u00e4ytt\u00f6 verkkokaupassa ja yrityksemme toiminnassa.\",\"breadcrumb\":{\"@id\":\"https:\\\/\\\/www.linnasto.fi\\\/kustannuslinna\\\/tietosuojaseloste\\\/#breadcrumb\"},\"inLanguage\":\"fi\",\"potentialAction\":[{\"@type\":\"ReadAction\",\"target\":[\"https:\\\/\\\/www.linnasto.fi\\\/kustannuslinna\\\/tietosuojaseloste\\\/\"]}]},{\"@type\":\"BreadcrumbList\",\"@id\":\"https:\\\/\\\/www.linnasto.fi\\\/kustannuslinna\\\/tietosuojaseloste\\\/#breadcrumb\",\"itemListElement\":[{\"@type\":\"ListItem\",\"position\":1,\"name\":\"Etusivu\",\"item\":\"https:\\\/\\\/www.linnasto.fi\\\/kustannuslinna\\\/\"},{\"@type\":\"ListItem\",\"position\":2,\"name\":\"Tietosuojaseloste\"}]},{\"@type\":\"WebSite\",\"@id\":\"https:\\\/\\\/www.linnasto.fi\\\/kustannuslinna\\\/#website\",\"url\":\"https:\\\/\\\/www.linnasto.fi\\\/kustannuslinna\\\/\",\"name\":\"Kustannus Linna\",\"description\":\"Pienkustantamo Jyv\u00e4skyl\u00e4ss\u00e4\",\"publisher\":{\"@id\":\"https:\\\/\\\/www.linnasto.fi\\\/kustannuslinna\\\/#organization\"},\"potentialAction\":[{\"@type\":\"SearchAction\",\"target\":{\"@type\":\"EntryPoint\",\"urlTemplate\":\"https:\\\/\\\/www.linnasto.fi\\\/kustannuslinna\\\/?s={search_term_string}\"},\"query-input\":{\"@type\":\"PropertyValueSpecification\",\"valueRequired\":true,\"valueName\":\"search_term_string\"}}],\"inLanguage\":\"fi\"},{\"@type\":\"Organization\",\"@id\":\"https:\\\/\\\/www.linnasto.fi\\\/kustannuslinna\\\/#organization\",\"name\":\"Kustannus Linna\",\"url\":\"https:\\\/\\\/www.linnasto.fi\\\/kustannuslinna\\\/\",\"logo\":{\"@type\":\"ImageObject\",\"inLanguage\":\"fi\",\"@id\":\"https:\\\/\\\/www.linnasto.fi\\\/kustannuslinna\\\/#\\\/schema\\\/logo\\\/image\\\/\",\"url\":\"https:\\\/\\\/www.linnasto.fi\\\/kustannuslinna\\\/wp-content\\\/uploads\\\/sites\\\/3\\\/2020\\\/10\\\/kustannuslogo.png\",\"contentUrl\":\"https:\\\/\\\/www.linnasto.fi\\\/kustannuslinna\\\/wp-content\\\/uploads\\\/sites\\\/3\\\/2020\\\/10\\\/kustannuslogo.png\",\"width\":559,\"height\":397,\"caption\":\"Kustannus Linna\"},\"image\":{\"@id\":\"https:\\\/\\\/www.linnasto.fi\\\/kustannuslinna\\\/#\\\/schema\\\/logo\\\/image\\\/\"}}]}<\/script>\n<!-- \/ Yoast SEO plugin. -->","yoast_head_json":{"title":"Tietosuojaseloste - Kustannus Linnan tietosuojaseloste","description":"Tietosuojaseloste, henkil\u00f6tietojen k\u00e4ytt\u00f6 verkkokaupassa ja yrityksemme toiminnassa.","robots":{"index":"index","follow":"follow","max-snippet":"max-snippet:-1","max-image-preview":"max-image-preview:large","max-video-preview":"max-video-preview:-1"},"canonical":"https:\/\/www.linnasto.fi\/kustannuslinna\/tietosuojaseloste\/","og_locale":"fi_FI","og_type":"article","og_title":"Tietosuojaseloste - Kustannus Linnan tietosuojaseloste","og_description":"Tietosuojaseloste, henkil\u00f6tietojen k\u00e4ytt\u00f6 verkkokaupassa ja yrityksemme toiminnassa.","og_url":"https:\/\/www.linnasto.fi\/kustannuslinna\/tietosuojaseloste\/","og_site_name":"Kustannus Linna","article_modified_time":"2020-12-05T17:15:46+00:00","twitter_card":"summary_large_image","twitter_misc":{"Arvioitu lukuaika":"2 minuuttia"},"schema":{"@context":"https:\/\/schema.org","@graph":[{"@type":"WebPage","@id":"https:\/\/www.linnasto.fi\/kustannuslinna\/tietosuojaseloste\/","url":"https:\/\/www.linnasto.fi\/kustannuslinna\/tietosuojaseloste\/","name":"Tietosuojaseloste - Kustannus Linnan tietosuojaseloste","isPartOf":{"@id":"https:\/\/www.linnasto.fi\/kustannuslinna\/#website"},"datePublished":"2020-11-17T08:46:10+00:00","dateModified":"2020-12-05T17:15:46+00:00","description":"Tietosuojaseloste, henkil\u00f6tietojen k\u00e4ytt\u00f6 verkkokaupassa ja yrityksemme toiminnassa.","breadcrumb":{"@id":"https:\/\/www.linnasto.fi\/kustannuslinna\/tietosuojaseloste\/#breadcrumb"},"inLanguage":"fi","potentialAction":[{"@type":"ReadAction","target":["https:\/\/www.linnasto.fi\/kustannuslinna\/tietosuojaseloste\/"]}]},{"@type":"BreadcrumbList","@id":"https:\/\/www.linnasto.fi\/kustannuslinna\/tietosuojaseloste\/#breadcrumb","itemListElement":[{"@type":"ListItem","position":1,"name":"Etusivu","item":"https:\/\/www.linnasto.fi\/kustannuslinna\/"},{"@type":"ListItem","position":2,"name":"Tietosuojaseloste"}]},{"@type":"WebSite","@id":"https:\/\/www.linnasto.fi\/kustannuslinna\/#website","url":"https:\/\/www.linnasto.fi\/kustannuslinna\/","name":"Kustannus Linna","description":"Pienkustantamo Jyv\u00e4skyl\u00e4ss\u00e4","publisher":{"@id":"https:\/\/www.linnasto.fi\/kustannuslinna\/#organization"},"potentialAction":[{"@type":"SearchAction","target":{"@type":"EntryPoint","urlTemplate":"https:\/\/www.linnasto.fi\/kustannuslinna\/?s={search_term_string}"},"query-input":{"@type":"PropertyValueSpecification","valueRequired":true,"valueName":"search_term_string"}}],"inLanguage":"fi"},{"@type":"Organization","@id":"https:\/\/www.linnasto.fi\/kustannuslinna\/#organization","name":"Kustannus Linna","url":"https:\/\/www.linnasto.fi\/kustannuslinna\/","logo":{"@type":"ImageObject","inLanguage":"fi","@id":"https:\/\/www.linnasto.fi\/kustannuslinna\/#\/schema\/logo\/image\/","url":"https:\/\/www.linnasto.fi\/kustannuslinna\/wp-content\/uploads\/sites\/3\/2020\/10\/kustannuslogo.png","contentUrl":"https:\/\/www.linnasto.fi\/kustannuslinna\/wp-content\/uploads\/sites\/3\/2020\/10\/kustannuslogo.png","width":559,"height":397,"caption":"Kustannus Linna"},"image":{"@id":"https:\/\/www.linnasto.fi\/kustannuslinna\/#\/schema\/logo\/image\/"}}]}},"_links":{"self":[{"href":"https:\/\/www.linnasto.fi\/kustannuslinna\/wp-json\/wp\/v2\/pages\/173","targetHints":{"allow":["GET"]}}],"collection":[{"href":"https:\/\/www.linnasto.fi\/kustannuslinna\/wp-json\/wp\/v2\/pages"}],"about":[{"href":"https:\/\/www.linnasto.fi\/kustannuslinna\/wp-json\/wp\/v2\/types\/page"}],"author":[{"embeddable":true,"href":"https:\/\/www.linnasto.fi\/kustannuslinna\/wp-json\/wp\/v2\/users\/1"}],"replies":[{"embeddable":true,"href":"https:\/\/www.linnasto.fi\/kustannuslinna\/wp-json\/wp\/v2\/comments?post=173"}],"version-history":[{"count":3,"href":"https:\/\/www.linnasto.fi\/kustannuslinna\/wp-json\/wp\/v2\/pages\/173\/revisions"}],"predecessor-version":[{"id":190,"href":"https:\/\/www.linnasto.fi\/kustannuslinna\/wp-json\/wp\/v2\/pages\/173\/revisions\/190"}],"wp:attachment":[{"href":"https:\/\/www.linnasto.fi\/kustannuslinna\/wp-json\/wp\/v2\/media?parent=173"}],"curies":[{"name":"wp","href":"https:\/\/api.w.org\/{rel}","templated":true}]}}